{"id":31,"date":"2017-05-15T15:14:19","date_gmt":"2017-05-15T13:14:19","guid":{"rendered":"http:\/\/bhp-opole.pl\/?page_id=31"},"modified":"2017-06-27T14:22:28","modified_gmt":"2017-06-27T12:22:28","slug":"obsluga-bhp","status":"publish","type":"page","link":"https:\/\/bhp-opole.pl\/en\/obsluga-bhp\/","title":{"rendered":"H&#038;S Services"},"content":{"rendered":"<h1>Health and safety<\/h1>\n<h5>Comprehensive health and safety services<\/h5>\n<div class='content-column two_third'><\/br><\/p>\n<p style=\"text-align:justify;\">\nAccording to Article 207 of the Labor Code, <strong>Employer<\/strong> is responsible for the health and safety at work. It is the employer&#8217;s responsibility (material and legal) for the consequences of any defects and irregularities in the company.<\/br><\/br><\/p>\n<p>Thanks to the efficient and fast-paced health and safety service, the employer can respond quickly to hazards and abnormalities resulting from health and safety regulations.<\/p>\n<p><\/br><\/p>\n<p>In our offer you will find: &#8211; Health and safety outsourcing, the tasks of the health and safety services in your company will be performed by a professional team of KSW Ltd.<br \/><\/div>\n<div class='content-column one_third last_column'><img loading=\"lazy\" decoding=\"async\" src=\"bhp-opole.pl\/wp-content\/uploads\/2017\/05\/office-195960_640-300x300.jpg\" alt=\"\" width=\"300\" height=\"300\" class=\"alignnone size-medium wp-image-465\" srcset=\"https:\/\/bhp-opole.pl\/wp-content\/uploads\/2017\/05\/office-195960_640-300x300.jpg 300w, https:\/\/bhp-opole.pl\/wp-content\/uploads\/2017\/05\/office-195960_640-150x150.jpg 150w, https:\/\/bhp-opole.pl\/wp-content\/uploads\/2017\/05\/office-195960_640-80x80.jpg 80w, https:\/\/bhp-opole.pl\/wp-content\/uploads\/2017\/05\/office-195960_640-118x118.jpg 118w, https:\/\/bhp-opole.pl\/wp-content\/uploads\/2017\/05\/office-195960_640-239x239.jpg 239w, https:\/\/bhp-opole.pl\/wp-content\/uploads\/2017\/05\/office-195960_640.jpg 640w\" sizes=\"(max-width: 300px) 100vw, 300px\" \/><br \/><\/div><div class='clear_column'><\/div>\n<div class='content-column one_third'><img loading=\"lazy\" decoding=\"async\" class=\"alignnone size-medium wp-image-455\" src=\"bhp-opole.pl\/wp-content\/uploads\/2017\/05\/helmet-1432731_640-295x300.jpg\" alt=\"\" width=\"295\" height=\"300\" srcset=\"https:\/\/bhp-opole.pl\/wp-content\/uploads\/2017\/05\/helmet-1432731_640-295x300.jpg 295w, https:\/\/bhp-opole.pl\/wp-content\/uploads\/2017\/05\/helmet-1432731_640-80x80.jpg 80w, https:\/\/bhp-opole.pl\/wp-content\/uploads\/2017\/05\/helmet-1432731_640.jpg 630w\" sizes=\"(max-width: 295px) 100vw, 295px\" \/><br \/><\/div>\n<div class='content-column two_third last_column'>OFFERED SERVICES includes:<\/p>\n<ul>\n<li>initial and recurrent training for employees and employers<\/li>\n<li>development of comprehensive documentation (including Occupational Risk Assessment)<\/li>\n<li>carrying out checks on working conditions<\/li>\n<li>participating in Labour Inspectorate and PIS inspections in Your company<\/li>\n<li>health and safety and fire safety advice<\/li>\n<li>carrying out post-accident proceedings and preparing the documentation<\/li>\n<li>access to online health and safety management system<\/li>\n<li>and other tasks directly and indirectly related to health and safety<\/li>\n<\/ul><\/div><div class='clear_column'><\/div>\n<\/br><\/p>\n<h4><strong>We are looking forward to doing business with you<\/strong><\/h4>","protected":false},"excerpt":{"rendered":"<p>Health and safety Comprehensive health and safety services We are looking forward to doing business with you<\/p>\n","protected":false},"author":1,"featured_media":0,"parent":0,"menu_order":0,"comment_status":"closed","ping_status":"closed","template":"","meta":{"_exactmetrics_skip_tracking":false,"_exactmetrics_sitenote_active":false,"_exactmetrics_sitenote_note":"","_exactmetrics_sitenote_category":0,"footnotes":""},"yoast_head":"<!-- This site is optimized with the Yoast SEO plugin v22.9 - https:\/\/yoast.com\/wordpress\/plugins\/seo\/ -->\n<title>KSW Opole BHP - Kompleksowa obs\u0142uga BHP PPO\u017b Szkolenia Wypadki<\/title>\n<meta name=\"description\" content=\"Kompleksowa obs\u0142uga BHP dla firm, outsourcing BHP, szkolenia, opracowywanie kompleksowej dokumentacji, udzia\u0142 w kontrolach PIP, PIS oraz PSP, audyty BHP\" \/>\n<meta name=\"robots\" content=\"index, follow, max-snippet:-1, max-image-preview:large, max-video-preview:-1\" \/>\n<link rel=\"canonical\" href=\"https:\/\/bhp-opole.pl\/obsluga-bhp\/\" \/>\n<meta property=\"og:locale\" content=\"en_US\" \/>\n<meta property=\"og:type\" content=\"article\" \/>\n<meta property=\"og:title\" content=\"KSW Opole BHP - Kompleksowa obs\u0142uga BHP PPO\u017b Szkolenia Wypadki\" \/>\n<meta property=\"og:description\" content=\"Kompleksowa obs\u0142uga BHP dla firm, outsourcing BHP, szkolenia, opracowywanie kompleksowej dokumentacji, udzia\u0142 w kontrolach PIP, PIS oraz PSP, audyty BHP\" \/>\n<meta property=\"og:url\" content=\"https:\/\/bhp-opole.pl\/obsluga-bhp\/\" \/>\n<meta property=\"og:site_name\" content=\"H&amp;S Opole\" \/>\n<meta property=\"article:modified_time\" content=\"2017-06-27T12:22:28+00:00\" \/>\n<meta name=\"twitter:card\" content=\"summary_large_image\" \/>\n<meta name=\"twitter:label1\" content=\"Est. reading time\" \/>\n\t<meta name=\"twitter:data1\" content=\"2 minutes\" \/>\n<script type=\"application\/ld+json\" class=\"yoast-schema-graph\">{\"@context\":\"https:\/\/schema.org\",\"@graph\":[{\"@type\":\"WebPage\",\"@id\":\"https:\/\/bhp-opole.pl\/obsluga-bhp\/\",\"url\":\"https:\/\/bhp-opole.pl\/obsluga-bhp\/\",\"name\":\"KSW Opole BHP - Kompleksowa obs\u0142uga BHP PPO\u017b Szkolenia Wypadki\",\"isPartOf\":{\"@id\":\"https:\/\/bhp-opole.pl\/#website\"},\"datePublished\":\"2017-05-15T13:14:19+00:00\",\"dateModified\":\"2017-06-27T12:22:28+00:00\",\"description\":\"Kompleksowa obs\u0142uga BHP dla firm, outsourcing BHP, szkolenia, opracowywanie kompleksowej dokumentacji, udzia\u0142 w kontrolach PIP, PIS oraz PSP, audyty BHP\",\"breadcrumb\":{\"@id\":\"https:\/\/bhp-opole.pl\/obsluga-bhp\/#breadcrumb\"},\"inLanguage\":\"en-US\",\"potentialAction\":[{\"@type\":\"ReadAction\",\"target\":[\"https:\/\/bhp-opole.pl\/obsluga-bhp\/\"]}]},{\"@type\":\"BreadcrumbList\",\"@id\":\"https:\/\/bhp-opole.pl\/obsluga-bhp\/#breadcrumb\",\"itemListElement\":[{\"@type\":\"ListItem\",\"position\":1,\"name\":\"Strona g\u0142\u00f3wna\",\"item\":\"https:\/\/bhp-opole.pl\/\"},{\"@type\":\"ListItem\",\"position\":2,\"name\":\"Obs\u0142uga BHP\"}]},{\"@type\":\"WebSite\",\"@id\":\"https:\/\/bhp-opole.pl\/#website\",\"url\":\"https:\/\/bhp-opole.pl\/\",\"name\":\"H&amp;S Opole\",\"description\":\"KSW Sp. z o.o.\",\"potentialAction\":[{\"@type\":\"SearchAction\",\"target\":{\"@type\":\"EntryPoint\",\"urlTemplate\":\"https:\/\/bhp-opole.pl\/?s={search_term_string}\"},\"query-input\":\"required name=search_term_string\"}],\"inLanguage\":\"en-US\"}]}<\/script>\n<!-- \/ Yoast SEO plugin. -->","yoast_head_json":{"title":"KSW Opole BHP - Kompleksowa obs\u0142uga BHP PPO\u017b Szkolenia Wypadki","description":"Kompleksowa obs\u0142uga BHP dla firm, outsourcing BHP, szkolenia, opracowywanie kompleksowej dokumentacji, udzia\u0142 w kontrolach PIP, PIS oraz PSP, audyty BHP","robots":{"index":"index","follow":"follow","max-snippet":"max-snippet:-1","max-image-preview":"max-image-preview:large","max-video-preview":"max-video-preview:-1"},"canonical":"https:\/\/bhp-opole.pl\/obsluga-bhp\/","og_locale":"en_US","og_type":"article","og_title":"KSW Opole BHP - Kompleksowa obs\u0142uga BHP PPO\u017b Szkolenia Wypadki","og_description":"Kompleksowa obs\u0142uga BHP dla firm, outsourcing BHP, szkolenia, opracowywanie kompleksowej dokumentacji, udzia\u0142 w kontrolach PIP, PIS oraz PSP, audyty BHP","og_url":"https:\/\/bhp-opole.pl\/obsluga-bhp\/","og_site_name":"H&amp;S Opole","article_modified_time":"2017-06-27T12:22:28+00:00","twitter_card":"summary_large_image","twitter_misc":{"Est. reading time":"2 minutes"},"schema":{"@context":"https:\/\/schema.org","@graph":[{"@type":"WebPage","@id":"https:\/\/bhp-opole.pl\/obsluga-bhp\/","url":"https:\/\/bhp-opole.pl\/obsluga-bhp\/","name":"KSW Opole BHP - Kompleksowa obs\u0142uga BHP PPO\u017b Szkolenia Wypadki","isPartOf":{"@id":"https:\/\/bhp-opole.pl\/#website"},"datePublished":"2017-05-15T13:14:19+00:00","dateModified":"2017-06-27T12:22:28+00:00","description":"Kompleksowa obs\u0142uga BHP dla firm, outsourcing BHP, szkolenia, opracowywanie kompleksowej dokumentacji, udzia\u0142 w kontrolach PIP, PIS oraz PSP, audyty BHP","breadcrumb":{"@id":"https:\/\/bhp-opole.pl\/obsluga-bhp\/#breadcrumb"},"inLanguage":"en-US","potentialAction":[{"@type":"ReadAction","target":["https:\/\/bhp-opole.pl\/obsluga-bhp\/"]}]},{"@type":"BreadcrumbList","@id":"https:\/\/bhp-opole.pl\/obsluga-bhp\/#breadcrumb","itemListElement":[{"@type":"ListItem","position":1,"name":"Strona g\u0142\u00f3wna","item":"https:\/\/bhp-opole.pl\/"},{"@type":"ListItem","position":2,"name":"Obs\u0142uga BHP"}]},{"@type":"WebSite","@id":"https:\/\/bhp-opole.pl\/#website","url":"https:\/\/bhp-opole.pl\/","name":"H&amp;S Opole","description":"KSW Sp. z o.o.","potentialAction":[{"@type":"SearchAction","target":{"@type":"EntryPoint","urlTemplate":"https:\/\/bhp-opole.pl\/?s={search_term_string}"},"query-input":"required name=search_term_string"}],"inLanguage":"en-US"}]}},"_links":{"self":[{"href":"https:\/\/bhp-opole.pl\/en\/wp-json\/wp\/v2\/pages\/31"}],"collection":[{"href":"https:\/\/bhp-opole.pl\/en\/wp-json\/wp\/v2\/pages"}],"about":[{"href":"https:\/\/bhp-opole.pl\/en\/wp-json\/wp\/v2\/types\/page"}],"author":[{"embeddable":true,"href":"https:\/\/bhp-opole.pl\/en\/wp-json\/wp\/v2\/users\/1"}],"replies":[{"embeddable":true,"href":"https:\/\/bhp-opole.pl\/en\/wp-json\/wp\/v2\/comments?post=31"}],"version-history":[{"count":33,"href":"https:\/\/bhp-opole.pl\/en\/wp-json\/wp\/v2\/pages\/31\/revisions"}],"predecessor-version":[{"id":819,"href":"https:\/\/bhp-opole.pl\/en\/wp-json\/wp\/v2\/pages\/31\/revisions\/819"}],"wp:attachment":[{"href":"https:\/\/bhp-opole.pl\/en\/wp-json\/wp\/v2\/media?parent=31"}],"curies":[{"name":"wp","href":"https:\/\/api.w.org\/{rel}","templated":true}]}}