{"id":322,"date":"2017-05-24T13:40:09","date_gmt":"2017-05-24T11:40:09","guid":{"rendered":"http:\/\/bhp-opole.pl\/?page_id=322"},"modified":"2017-06-28T11:27:13","modified_gmt":"2017-06-28T09:27:13","slug":"szkolenia-bhp","status":"publish","type":"page","link":"https:\/\/bhp-opole.pl\/en\/szkolenia-bhp\/","title":{"rendered":"Trainings"},"content":{"rendered":"<h1>Trainings<\/h1>\n<div class='content-column two_third'><div style=\"text-align:justify\">\nAccording to GUS data, most accidents at work are due to employee error. Lack of training and employee awareness, omitting important health and safety issues increases the risk of health or life threatening situations, and therefore increases the costs of the business.<\/br><br \/>\nIn order to meet the expectations of our clients, we offer top-level health and safety training. We train employers, managers and employees of various occupational groups (including health and safety services) to familiarize them with the health and safety regulations in an interesting way.<\/br><br \/>\nThe trainings are conducted in <b>Polish, English and Russian languages<\/b>. We have our own fully-equipped teaching rooms where initial and reccurent training start every day (Mon &#8211; Fri) at 9am.<\/br><br \/>\nOn request we also keep training records <b>You will never forget the upcoming H&#038;S training<\/b>.<\/br><br \/>\nThe offered training services also include e-learning training. This is a more convenient form for employees and employers.<br \/>\n[gpp_button color=&#8221;blue&#8221; url=&#8221;http:\/\/ksw.opole.pl\/kursy\/&#8221; title=&#8221;Go to e-learning&#8221; icon_left=&#8221;reply&#8221; target=&#8221;_blank&#8221; size=&#8221;medium&#8221; display=&#8221;block&#8221; rel=&#8221;void&#8221;]e-learning courses[\/gpp_button]\n<\/div><\/div>\n<div class='content-column one_third last_column'><img loading=\"lazy\" decoding=\"async\" src=\"bhp-opole.pl\/wp-content\/uploads\/2017\/05\/speakers-414562_640-300x212.jpg\" alt=\"\" width=\"300\" height=\"212\" class=\"alignnone size-medium wp-image-448\" srcset=\"https:\/\/bhp-opole.pl\/wp-content\/uploads\/2017\/05\/speakers-414562_640-300x212.jpg 300w, https:\/\/bhp-opole.pl\/wp-content\/uploads\/2017\/05\/speakers-414562_640.jpg 640w\" sizes=\"(max-width: 300px) 100vw, 300px\" \/><br \/><\/div><div class='clear_column'><\/div>","protected":false},"excerpt":{"rendered":"<p>Trainings<\/p>\n","protected":false},"author":1,"featured_media":0,"parent":0,"menu_order":0,"comment_status":"closed","ping_status":"closed","template":"","meta":{"_exactmetrics_skip_tracking":false,"_exactmetrics_sitenote_active":false,"_exactmetrics_sitenote_note":"","_exactmetrics_sitenote_category":0,"footnotes":""},"yoast_head":"<!-- This site is optimized with the Yoast SEO plugin v22.9 - https:\/\/yoast.com\/wordpress\/plugins\/seo\/ -->\n<title>Szkolenia BHP - wstepne, okresowe, dla s\u0142u\u017cb BHP lub pracodawc\u00f3w<\/title>\n<meta name=\"description\" content=\"Oferujemy szkolenia BHP na najwy\u017cszym poziomie zapoznaj\u0105c z przepisami BHP w interesuj\u0105cy spos\u00f3b. Szkolimy w j\u0119zykach polskim, angielskim i rosyjskim.\" \/>\n<meta name=\"robots\" content=\"index, follow, max-snippet:-1, max-image-preview:large, max-video-preview:-1\" \/>\n<link rel=\"canonical\" href=\"https:\/\/bhp-opole.pl\/szkolenia-bhp\/\" \/>\n<meta property=\"og:locale\" content=\"en_US\" \/>\n<meta property=\"og:type\" content=\"article\" \/>\n<meta property=\"og:title\" content=\"Szkolenia BHP - wstepne, okresowe, dla s\u0142u\u017cb BHP lub pracodawc\u00f3w\" \/>\n<meta property=\"og:description\" content=\"Oferujemy szkolenia BHP na najwy\u017cszym poziomie zapoznaj\u0105c z przepisami BHP w interesuj\u0105cy spos\u00f3b. Szkolimy w j\u0119zykach polskim, angielskim i rosyjskim.\" \/>\n<meta property=\"og:url\" content=\"https:\/\/bhp-opole.pl\/szkolenia-bhp\/\" \/>\n<meta property=\"og:site_name\" content=\"H&amp;S Opole\" \/>\n<meta property=\"article:modified_time\" content=\"2017-06-28T09:27:13+00:00\" \/>\n<meta name=\"twitter:card\" content=\"summary_large_image\" \/>\n<meta name=\"twitter:label1\" content=\"Est. reading time\" \/>\n\t<meta name=\"twitter:data1\" content=\"2 minutes\" \/>\n<script type=\"application\/ld+json\" class=\"yoast-schema-graph\">{\"@context\":\"https:\/\/schema.org\",\"@graph\":[{\"@type\":\"WebPage\",\"@id\":\"https:\/\/bhp-opole.pl\/szkolenia-bhp\/\",\"url\":\"https:\/\/bhp-opole.pl\/szkolenia-bhp\/\",\"name\":\"Szkolenia BHP - wstepne, okresowe, dla s\u0142u\u017cb BHP lub pracodawc\u00f3w\",\"isPartOf\":{\"@id\":\"https:\/\/bhp-opole.pl\/#website\"},\"datePublished\":\"2017-05-24T11:40:09+00:00\",\"dateModified\":\"2017-06-28T09:27:13+00:00\",\"description\":\"Oferujemy szkolenia BHP na najwy\u017cszym poziomie zapoznaj\u0105c z przepisami BHP w interesuj\u0105cy spos\u00f3b. Szkolimy w j\u0119zykach polskim, angielskim i rosyjskim.\",\"breadcrumb\":{\"@id\":\"https:\/\/bhp-opole.pl\/szkolenia-bhp\/#breadcrumb\"},\"inLanguage\":\"en-US\",\"potentialAction\":[{\"@type\":\"ReadAction\",\"target\":[\"https:\/\/bhp-opole.pl\/szkolenia-bhp\/\"]}]},{\"@type\":\"BreadcrumbList\",\"@id\":\"https:\/\/bhp-opole.pl\/szkolenia-bhp\/#breadcrumb\",\"itemListElement\":[{\"@type\":\"ListItem\",\"position\":1,\"name\":\"Strona g\u0142\u00f3wna\",\"item\":\"https:\/\/bhp-opole.pl\/\"},{\"@type\":\"ListItem\",\"position\":2,\"name\":\"Szkolenia\"}]},{\"@type\":\"WebSite\",\"@id\":\"https:\/\/bhp-opole.pl\/#website\",\"url\":\"https:\/\/bhp-opole.pl\/\",\"name\":\"H&amp;S Opole\",\"description\":\"KSW Sp. z o.o.\",\"potentialAction\":[{\"@type\":\"SearchAction\",\"target\":{\"@type\":\"EntryPoint\",\"urlTemplate\":\"https:\/\/bhp-opole.pl\/?s={search_term_string}\"},\"query-input\":\"required name=search_term_string\"}],\"inLanguage\":\"en-US\"}]}<\/script>\n<!-- \/ Yoast SEO plugin. -->","yoast_head_json":{"title":"Szkolenia BHP - wstepne, okresowe, dla s\u0142u\u017cb BHP lub pracodawc\u00f3w","description":"Oferujemy szkolenia BHP na najwy\u017cszym poziomie zapoznaj\u0105c z przepisami BHP w interesuj\u0105cy spos\u00f3b. Szkolimy w j\u0119zykach polskim, angielskim i rosyjskim.","robots":{"index":"index","follow":"follow","max-snippet":"max-snippet:-1","max-image-preview":"max-image-preview:large","max-video-preview":"max-video-preview:-1"},"canonical":"https:\/\/bhp-opole.pl\/szkolenia-bhp\/","og_locale":"en_US","og_type":"article","og_title":"Szkolenia BHP - wstepne, okresowe, dla s\u0142u\u017cb BHP lub pracodawc\u00f3w","og_description":"Oferujemy szkolenia BHP na najwy\u017cszym poziomie zapoznaj\u0105c z przepisami BHP w interesuj\u0105cy spos\u00f3b. Szkolimy w j\u0119zykach polskim, angielskim i rosyjskim.","og_url":"https:\/\/bhp-opole.pl\/szkolenia-bhp\/","og_site_name":"H&amp;S Opole","article_modified_time":"2017-06-28T09:27:13+00:00","twitter_card":"summary_large_image","twitter_misc":{"Est. reading time":"2 minutes"},"schema":{"@context":"https:\/\/schema.org","@graph":[{"@type":"WebPage","@id":"https:\/\/bhp-opole.pl\/szkolenia-bhp\/","url":"https:\/\/bhp-opole.pl\/szkolenia-bhp\/","name":"Szkolenia BHP - wstepne, okresowe, dla s\u0142u\u017cb BHP lub pracodawc\u00f3w","isPartOf":{"@id":"https:\/\/bhp-opole.pl\/#website"},"datePublished":"2017-05-24T11:40:09+00:00","dateModified":"2017-06-28T09:27:13+00:00","description":"Oferujemy szkolenia BHP na najwy\u017cszym poziomie zapoznaj\u0105c z przepisami BHP w interesuj\u0105cy spos\u00f3b. Szkolimy w j\u0119zykach polskim, angielskim i rosyjskim.","breadcrumb":{"@id":"https:\/\/bhp-opole.pl\/szkolenia-bhp\/#breadcrumb"},"inLanguage":"en-US","potentialAction":[{"@type":"ReadAction","target":["https:\/\/bhp-opole.pl\/szkolenia-bhp\/"]}]},{"@type":"BreadcrumbList","@id":"https:\/\/bhp-opole.pl\/szkolenia-bhp\/#breadcrumb","itemListElement":[{"@type":"ListItem","position":1,"name":"Strona g\u0142\u00f3wna","item":"https:\/\/bhp-opole.pl\/"},{"@type":"ListItem","position":2,"name":"Szkolenia"}]},{"@type":"WebSite","@id":"https:\/\/bhp-opole.pl\/#website","url":"https:\/\/bhp-opole.pl\/","name":"H&amp;S Opole","description":"KSW Sp. z o.o.","potentialAction":[{"@type":"SearchAction","target":{"@type":"EntryPoint","urlTemplate":"https:\/\/bhp-opole.pl\/?s={search_term_string}"},"query-input":"required name=search_term_string"}],"inLanguage":"en-US"}]}},"_links":{"self":[{"href":"https:\/\/bhp-opole.pl\/en\/wp-json\/wp\/v2\/pages\/322"}],"collection":[{"href":"https:\/\/bhp-opole.pl\/en\/wp-json\/wp\/v2\/pages"}],"about":[{"href":"https:\/\/bhp-opole.pl\/en\/wp-json\/wp\/v2\/types\/page"}],"author":[{"embeddable":true,"href":"https:\/\/bhp-opole.pl\/en\/wp-json\/wp\/v2\/users\/1"}],"replies":[{"embeddable":true,"href":"https:\/\/bhp-opole.pl\/en\/wp-json\/wp\/v2\/comments?post=322"}],"version-history":[{"count":24,"href":"https:\/\/bhp-opole.pl\/en\/wp-json\/wp\/v2\/pages\/322\/revisions"}],"predecessor-version":[{"id":857,"href":"https:\/\/bhp-opole.pl\/en\/wp-json\/wp\/v2\/pages\/322\/revisions\/857"}],"wp:attachment":[{"href":"https:\/\/bhp-opole.pl\/en\/wp-json\/wp\/v2\/media?parent=322"}],"curies":[{"name":"wp","href":"https:\/\/api.w.org\/{rel}","templated":true}]}}