{"id":439,"date":"2017-05-26T11:57:22","date_gmt":"2017-05-26T09:57:22","guid":{"rendered":"http:\/\/bhp-opole.pl\/?page_id=439"},"modified":"2017-06-28T13:08:52","modified_gmt":"2017-06-28T11:08:52","slug":"uslugi-ppoz-przeciwpozarowe","status":"publish","type":"page","link":"https:\/\/bhp-opole.pl\/en\/uslugi-ppoz-przeciwpozarowe\/","title":{"rendered":"Fire Protection"},"content":{"rendered":"<div class=\"eds-animate edsanimate-sis-hidden \" data-eds-entry-animation=\"fadeIn\" data-eds-entry-delay=\"0\" data-eds-entry-duration=\"1\" data-eds-entry-timing=\"linear\" data-eds-exit-animation=\"\" data-eds-exit-delay=\"\" data-eds-exit-duration=\"\" data-eds-exit-timing=\"\" data-eds-repeat-count=\"1\" data-eds-keep=\"yes\" data-eds-animate-on=\"load\" data-eds-scroll-offset=\"\">\n<h1>Fire Protection<\/h1>\n<h4>Fire safety services<\/h4>\n<p><\/br><\/p>\n<p style=\"text-align: justify;\">\nThe risk of fire is different, depending on the type of business. However, the effects of the fire itself are always associated with high costs (material or even personal). Only with properly developed procedures and fully operational firefighting equipment and adequate training we are able to reduce such costs to a minimum.<\/p>\n<p><\/br><\/p>\n<div class='content-column two_third'>In our offer you can find among others:<\/p>\n<ul>\n<li>maintenance, certification and distribution of fire extinguishers <\/li>\n<li>develop or update the Fire Safety Instructions<\/li>\n<li>explosion safety documents preparation<\/li>\n<li>fire safety company audits<\/li>\n<li>theoretical and practical training of firefighting equipment<\/li>\n<li>carry out a evacuation drill<\/li>\n<li>fire protection marking<\/li>\n<li>help with the selection of fire protection measures in the company<\/li>\n<\/ul><\/div>\n<div class='content-column one_third last_column'><img loading=\"lazy\" decoding=\"async\" src=\"bhp-opole.pl\/wp-content\/uploads\/2017\/05\/firefighters-696167_640-300x200.jpg\" alt=\"\" width=\"330\" height=\"220\" class=\"alignnone size-medium wp-image-454\" srcset=\"https:\/\/bhp-opole.pl\/wp-content\/uploads\/2017\/05\/firefighters-696167_640-300x200.jpg 300w, https:\/\/bhp-opole.pl\/wp-content\/uploads\/2017\/05\/firefighters-696167_640.jpg 640w\" sizes=\"(max-width: 330px) 100vw, 330px\" \/><br \/><\/div><div class='clear_column'><\/div>\n<\/br><\/p>\n<h4><strong>We are looking forward to doing business with you<\/strong><\/h4>\n<\/div>","protected":false},"excerpt":{"rendered":"<p>Fire Protection Fire safety services The risk of fire is different, depending on the type of business. However, the effects of the fire itself are always associated with high costs (material or even personal). Only with properly developed procedures and fully operational firefighting equipment and adequate training we are able to reduce such costs to&#8230;<\/p>\n","protected":false},"author":1,"featured_media":0,"parent":0,"menu_order":0,"comment_status":"closed","ping_status":"closed","template":"","meta":{"_exactmetrics_skip_tracking":false,"_exactmetrics_sitenote_active":false,"_exactmetrics_sitenote_note":"","_exactmetrics_sitenote_category":0,"footnotes":""},"yoast_head":"<!-- This site is optimized with the Yoast SEO plugin v22.9 - https:\/\/yoast.com\/wordpress\/plugins\/seo\/ -->\n<title>KSW Opole BHP - Kompleksowe us\u0142ugi PPO\u017b BHP Szkolenia Wypadki<\/title>\n<meta name=\"description\" content=\"Us\u0142ugi PPO\u017b m.in. opracowywanie i aktualizacja Instrukcji Bezpiecze\u0144stwa Po\u017carowego IBP, dokument\u00f3w zagro\u017cenia przed wybuchem\" \/>\n<meta name=\"robots\" content=\"index, follow, max-snippet:-1, max-image-preview:large, max-video-preview:-1\" \/>\n<link rel=\"canonical\" href=\"https:\/\/bhp-opole.pl\/uslugi-ppoz-przeciwpozarowe\/\" \/>\n<meta property=\"og:locale\" content=\"en_US\" \/>\n<meta property=\"og:type\" content=\"article\" \/>\n<meta property=\"og:title\" content=\"KSW Opole BHP - Kompleksowe us\u0142ugi PPO\u017b BHP Szkolenia Wypadki\" \/>\n<meta property=\"og:description\" content=\"Us\u0142ugi PPO\u017b m.in. opracowywanie i aktualizacja Instrukcji Bezpiecze\u0144stwa Po\u017carowego IBP, dokument\u00f3w zagro\u017cenia przed wybuchem\" \/>\n<meta property=\"og:url\" content=\"https:\/\/bhp-opole.pl\/uslugi-ppoz-przeciwpozarowe\/\" \/>\n<meta property=\"og:site_name\" content=\"H&amp;S Opole\" \/>\n<meta property=\"article:modified_time\" content=\"2017-06-28T11:08:52+00:00\" \/>\n<meta property=\"og:image\" content=\"http:\/\/bhp-opole.pl\/wp-content\/uploads\/2017\/05\/symbols-41304_640-300x150.png\" \/>\n<meta name=\"twitter:card\" content=\"summary_large_image\" \/>\n<meta name=\"twitter:label1\" content=\"Est. reading time\" \/>\n\t<meta name=\"twitter:data1\" content=\"2 minutes\" \/>\n<script type=\"application\/ld+json\" class=\"yoast-schema-graph\">{\"@context\":\"https:\/\/schema.org\",\"@graph\":[{\"@type\":\"WebPage\",\"@id\":\"https:\/\/bhp-opole.pl\/uslugi-ppoz-przeciwpozarowe\/\",\"url\":\"https:\/\/bhp-opole.pl\/uslugi-ppoz-przeciwpozarowe\/\",\"name\":\"KSW Opole BHP - Kompleksowe us\u0142ugi PPO\u017b BHP Szkolenia Wypadki\",\"isPartOf\":{\"@id\":\"https:\/\/bhp-opole.pl\/#website\"},\"primaryImageOfPage\":{\"@id\":\"https:\/\/bhp-opole.pl\/uslugi-ppoz-przeciwpozarowe\/#primaryimage\"},\"image\":{\"@id\":\"https:\/\/bhp-opole.pl\/uslugi-ppoz-przeciwpozarowe\/#primaryimage\"},\"thumbnailUrl\":\"http:\/\/bhp-opole.pl\/wp-content\/uploads\/2017\/05\/symbols-41304_640-300x150.png\",\"datePublished\":\"2017-05-26T09:57:22+00:00\",\"dateModified\":\"2017-06-28T11:08:52+00:00\",\"description\":\"Us\u0142ugi PPO\u017b m.in. opracowywanie i aktualizacja Instrukcji Bezpiecze\u0144stwa Po\u017carowego IBP, dokument\u00f3w zagro\u017cenia przed wybuchem\",\"breadcrumb\":{\"@id\":\"https:\/\/bhp-opole.pl\/uslugi-ppoz-przeciwpozarowe\/#breadcrumb\"},\"inLanguage\":\"en-US\",\"potentialAction\":[{\"@type\":\"ReadAction\",\"target\":[\"https:\/\/bhp-opole.pl\/uslugi-ppoz-przeciwpozarowe\/\"]}]},{\"@type\":\"ImageObject\",\"inLanguage\":\"en-US\",\"@id\":\"https:\/\/bhp-opole.pl\/uslugi-ppoz-przeciwpozarowe\/#primaryimage\",\"url\":\"http:\/\/bhp-opole.pl\/wp-content\/uploads\/2017\/05\/symbols-41304_640-300x150.png\",\"contentUrl\":\"http:\/\/bhp-opole.pl\/wp-content\/uploads\/2017\/05\/symbols-41304_640-300x150.png\"},{\"@type\":\"BreadcrumbList\",\"@id\":\"https:\/\/bhp-opole.pl\/uslugi-ppoz-przeciwpozarowe\/#breadcrumb\",\"itemListElement\":[{\"@type\":\"ListItem\",\"position\":1,\"name\":\"Strona g\u0142\u00f3wna\",\"item\":\"https:\/\/bhp-opole.pl\/\"},{\"@type\":\"ListItem\",\"position\":2,\"name\":\"us\u0142ugi PPO\u017b\"}]},{\"@type\":\"WebSite\",\"@id\":\"https:\/\/bhp-opole.pl\/#website\",\"url\":\"https:\/\/bhp-opole.pl\/\",\"name\":\"H&amp;S Opole\",\"description\":\"KSW Sp. z o.o.\",\"potentialAction\":[{\"@type\":\"SearchAction\",\"target\":{\"@type\":\"EntryPoint\",\"urlTemplate\":\"https:\/\/bhp-opole.pl\/?s={search_term_string}\"},\"query-input\":\"required name=search_term_string\"}],\"inLanguage\":\"en-US\"}]}<\/script>\n<!-- \/ Yoast SEO plugin. -->","yoast_head_json":{"title":"KSW Opole BHP - Kompleksowe us\u0142ugi PPO\u017b BHP Szkolenia Wypadki","description":"Us\u0142ugi PPO\u017b m.in. opracowywanie i aktualizacja Instrukcji Bezpiecze\u0144stwa Po\u017carowego IBP, dokument\u00f3w zagro\u017cenia przed wybuchem","robots":{"index":"index","follow":"follow","max-snippet":"max-snippet:-1","max-image-preview":"max-image-preview:large","max-video-preview":"max-video-preview:-1"},"canonical":"https:\/\/bhp-opole.pl\/uslugi-ppoz-przeciwpozarowe\/","og_locale":"en_US","og_type":"article","og_title":"KSW Opole BHP - Kompleksowe us\u0142ugi PPO\u017b BHP Szkolenia Wypadki","og_description":"Us\u0142ugi PPO\u017b m.in. opracowywanie i aktualizacja Instrukcji Bezpiecze\u0144stwa Po\u017carowego IBP, dokument\u00f3w zagro\u017cenia przed wybuchem","og_url":"https:\/\/bhp-opole.pl\/uslugi-ppoz-przeciwpozarowe\/","og_site_name":"H&amp;S Opole","article_modified_time":"2017-06-28T11:08:52+00:00","og_image":[{"url":"http:\/\/bhp-opole.pl\/wp-content\/uploads\/2017\/05\/symbols-41304_640-300x150.png"}],"twitter_card":"summary_large_image","twitter_misc":{"Est. reading time":"2 minutes"},"schema":{"@context":"https:\/\/schema.org","@graph":[{"@type":"WebPage","@id":"https:\/\/bhp-opole.pl\/uslugi-ppoz-przeciwpozarowe\/","url":"https:\/\/bhp-opole.pl\/uslugi-ppoz-przeciwpozarowe\/","name":"KSW Opole BHP - Kompleksowe us\u0142ugi PPO\u017b BHP Szkolenia Wypadki","isPartOf":{"@id":"https:\/\/bhp-opole.pl\/#website"},"primaryImageOfPage":{"@id":"https:\/\/bhp-opole.pl\/uslugi-ppoz-przeciwpozarowe\/#primaryimage"},"image":{"@id":"https:\/\/bhp-opole.pl\/uslugi-ppoz-przeciwpozarowe\/#primaryimage"},"thumbnailUrl":"http:\/\/bhp-opole.pl\/wp-content\/uploads\/2017\/05\/symbols-41304_640-300x150.png","datePublished":"2017-05-26T09:57:22+00:00","dateModified":"2017-06-28T11:08:52+00:00","description":"Us\u0142ugi PPO\u017b m.in. opracowywanie i aktualizacja Instrukcji Bezpiecze\u0144stwa Po\u017carowego IBP, dokument\u00f3w zagro\u017cenia przed wybuchem","breadcrumb":{"@id":"https:\/\/bhp-opole.pl\/uslugi-ppoz-przeciwpozarowe\/#breadcrumb"},"inLanguage":"en-US","potentialAction":[{"@type":"ReadAction","target":["https:\/\/bhp-opole.pl\/uslugi-ppoz-przeciwpozarowe\/"]}]},{"@type":"ImageObject","inLanguage":"en-US","@id":"https:\/\/bhp-opole.pl\/uslugi-ppoz-przeciwpozarowe\/#primaryimage","url":"http:\/\/bhp-opole.pl\/wp-content\/uploads\/2017\/05\/symbols-41304_640-300x150.png","contentUrl":"http:\/\/bhp-opole.pl\/wp-content\/uploads\/2017\/05\/symbols-41304_640-300x150.png"},{"@type":"BreadcrumbList","@id":"https:\/\/bhp-opole.pl\/uslugi-ppoz-przeciwpozarowe\/#breadcrumb","itemListElement":[{"@type":"ListItem","position":1,"name":"Strona g\u0142\u00f3wna","item":"https:\/\/bhp-opole.pl\/"},{"@type":"ListItem","position":2,"name":"us\u0142ugi PPO\u017b"}]},{"@type":"WebSite","@id":"https:\/\/bhp-opole.pl\/#website","url":"https:\/\/bhp-opole.pl\/","name":"H&amp;S Opole","description":"KSW Sp. z o.o.","potentialAction":[{"@type":"SearchAction","target":{"@type":"EntryPoint","urlTemplate":"https:\/\/bhp-opole.pl\/?s={search_term_string}"},"query-input":"required name=search_term_string"}],"inLanguage":"en-US"}]}},"_links":{"self":[{"href":"https:\/\/bhp-opole.pl\/en\/wp-json\/wp\/v2\/pages\/439"}],"collection":[{"href":"https:\/\/bhp-opole.pl\/en\/wp-json\/wp\/v2\/pages"}],"about":[{"href":"https:\/\/bhp-opole.pl\/en\/wp-json\/wp\/v2\/types\/page"}],"author":[{"embeddable":true,"href":"https:\/\/bhp-opole.pl\/en\/wp-json\/wp\/v2\/users\/1"}],"replies":[{"embeddable":true,"href":"https:\/\/bhp-opole.pl\/en\/wp-json\/wp\/v2\/comments?post=439"}],"version-history":[{"count":23,"href":"https:\/\/bhp-opole.pl\/en\/wp-json\/wp\/v2\/pages\/439\/revisions"}],"predecessor-version":[{"id":870,"href":"https:\/\/bhp-opole.pl\/en\/wp-json\/wp\/v2\/pages\/439\/revisions\/870"}],"wp:attachment":[{"href":"https:\/\/bhp-opole.pl\/en\/wp-json\/wp\/v2\/media?parent=439"}],"curies":[{"name":"wp","href":"https:\/\/api.w.org\/{rel}","templated":true}]}}