{"id":717,"date":"2017-06-09T10:40:12","date_gmt":"2017-06-09T08:40:12","guid":{"rendered":"http:\/\/bhp-opole.pl\/?page_id=717"},"modified":"2018-07-27T09:48:44","modified_gmt":"2018-07-27T07:48:44","slug":"wypadki-postepowania-powypadkowe","status":"publish","type":"page","link":"https:\/\/bhp-opole.pl\/en\/wypadki-postepowania-powypadkowe\/","title":{"rendered":"Accidents"},"content":{"rendered":"<div class=\"eds-animate edsanimate-sis-hidden \" data-eds-entry-animation=\"fadeIn\" data-eds-entry-delay=\"0\" data-eds-entry-duration=\"1\" data-eds-entry-timing=\"linear\" data-eds-exit-animation=\"\" data-eds-exit-delay=\"\" data-eds-exit-duration=\"\" data-eds-exit-timing=\"\" data-eds-repeat-count=\"1\" data-eds-keep=\"yes\" data-eds-animate-on=\"load\" data-eds-scroll-offset=\"\">\n<h1>Accidents at work<\/h1>\n<h5>Post-accident proceedings<\/h5>\n<div class='content-column two_third'><p style=\"text-align: justify;\">In our offer you will find help in conducting a post-accident investigation and preparing a complete post-accident documentation.<br \/>\nSpecialists from KSW Ltd. have the required authority and extensive experience in dealing with very complicated procedures, so you can be sure that the documentation is properly and legally completed.<\/p><\/div>\n<div class='content-column one_third last_column'><img loading=\"lazy\" decoding=\"async\" src=\"http:\/\/bhp-opole.pl\/wp-content\/uploads\/2017\/06\/industrial-safety-1492046_1280-300x266.png\" alt=\"wypadki post\u0119powania powypadkowe\" width=\"200\" height=\"200\" class=\"aligncenter size-medium wp-image-721\" \/><br \/><\/div><div class='clear_column'><\/div>\n<div class='content-column one_third'><a href=\"https:\/\/wypadkibhp.pl\"><img loading=\"lazy\" decoding=\"async\" src=\"http:\/\/bhp-opole.pl\/wp-content\/uploads\/2017\/06\/logo-300x92.png\" alt=\"wypadkiBHP.pl\" width=\"300\" height=\"92\" class=\"aligncenter size-medium wp-image-720\" srcset=\"https:\/\/bhp-opole.pl\/wp-content\/uploads\/2017\/06\/logo-300x92.png 300w, https:\/\/bhp-opole.pl\/wp-content\/uploads\/2017\/06\/logo.png 477w\" sizes=\"(max-width: 300px) 100vw, 300px\" \/><\/a><br \/><\/div>\n<div class='content-column two_third last_column'><p style=\"text-align: justify;\">KSW Ltd. company is the author and owner of the portal <b>wypadkiBHP.pl<\/b>. Portal <b>wypadkiBHP.pl<\/b> is an innovative system for running full post-accident records in a company. It is designed for occupational health and safety services and outsourcing companies involved in conducting occupational health and safety activities.<\/p><\/div><div class='clear_column'><\/div>\nThe main features of this system are :<\/p>\n<ul>\n<li>full online documentation available 24\/7<\/li>\n<li>submission of explanations of witnesses and victims over the Internet<\/li>\n<li>automated records management based on conducted proceedings<\/li>\n<li>help maintain chronological dates in protocols<\/li>\n<li>checking the level of post-accidental proceeding<\/li>\n<\/ul>\n[gpp_button color=&#8221;blue&#8221; url=&#8221;https:\/\/wypadkibhp.pl&#8221; title=&#8221;Przejd\u017a do wypadkiBHP.pl&#8221; icon_left=&#8221;reply&#8221; target=&#8221;_blank&#8221; size=&#8221;medium&#8221; display=&#8221;block&#8221;]wypadkiBHP.pl[\/gpp_button]\n<h4><strong>We are looking forward to doing business with you<\/strong><\/h4>\n<\/div>","protected":false},"excerpt":{"rendered":"<p>Accidents at work Post-accident proceedings The main features of this system are : full online documentation available 24\/7 submission of explanations of witnesses and victims over the Internet automated records management based on conducted proceedings help maintain chronological dates in protocols checking the level of post-accidental proceeding [gpp_button color=&#8221;blue&#8221; url=&#8221;https:\/\/wypadkibhp.pl&#8221; title=&#8221;Przejd\u017a do wypadkiBHP.pl&#8221; icon_left=&#8221;reply&#8221; target=&#8221;_blank&#8221;&#8230;<\/p>\n","protected":false},"author":1,"featured_media":0,"parent":0,"menu_order":0,"comment_status":"closed","ping_status":"closed","template":"","meta":{"_exactmetrics_skip_tracking":false,"_exactmetrics_sitenote_active":false,"_exactmetrics_sitenote_note":"","_exactmetrics_sitenote_category":0,"footnotes":""},"yoast_head":"<!-- This site is optimized with the Yoast SEO plugin v22.9 - https:\/\/yoast.com\/wordpress\/plugins\/seo\/ -->\n<title>Wypadki - BHP Opole Post\u0119powania powypadkowe pe\u0142na dokumentacja<\/title>\n<meta name=\"description\" content=\"Wypadki przy pracy - przeprowadzanie pe\u0142nego dochodzenia powypadkowego oraz sporz\u0105dzanie pe\u0142nej dokumentacji przy u\u017cyciu autorskich program\u00f3w komputerowych\" \/>\n<meta name=\"robots\" content=\"index, follow, max-snippet:-1, max-image-preview:large, max-video-preview:-1\" \/>\n<link rel=\"canonical\" href=\"https:\/\/bhp-opole.pl\/wypadki-postepowania-powypadkowe\/\" \/>\n<meta property=\"og:locale\" content=\"en_US\" \/>\n<meta property=\"og:type\" content=\"article\" \/>\n<meta property=\"og:title\" content=\"Wypadki - BHP Opole Post\u0119powania powypadkowe pe\u0142na dokumentacja\" \/>\n<meta property=\"og:description\" content=\"Wypadki przy pracy - przeprowadzanie pe\u0142nego dochodzenia powypadkowego oraz sporz\u0105dzanie pe\u0142nej dokumentacji przy u\u017cyciu autorskich program\u00f3w komputerowych\" \/>\n<meta property=\"og:url\" content=\"https:\/\/bhp-opole.pl\/wypadki-postepowania-powypadkowe\/\" \/>\n<meta property=\"og:site_name\" content=\"H&amp;S Opole\" \/>\n<meta property=\"article:modified_time\" content=\"2018-07-27T07:48:44+00:00\" \/>\n<meta property=\"og:image\" content=\"http:\/\/bhp-opole.pl\/wp-content\/uploads\/2017\/06\/industrial-safety-1492046_1280-300x266.png\" \/>\n<meta name=\"twitter:card\" content=\"summary_large_image\" \/>\n<meta name=\"twitter:label1\" content=\"Est. reading time\" \/>\n\t<meta name=\"twitter:data1\" content=\"2 minutes\" \/>\n<script type=\"application\/ld+json\" class=\"yoast-schema-graph\">{\"@context\":\"https:\/\/schema.org\",\"@graph\":[{\"@type\":\"WebPage\",\"@id\":\"https:\/\/bhp-opole.pl\/wypadki-postepowania-powypadkowe\/\",\"url\":\"https:\/\/bhp-opole.pl\/wypadki-postepowania-powypadkowe\/\",\"name\":\"Wypadki - BHP Opole Post\u0119powania powypadkowe pe\u0142na dokumentacja\",\"isPartOf\":{\"@id\":\"https:\/\/bhp-opole.pl\/#website\"},\"primaryImageOfPage\":{\"@id\":\"https:\/\/bhp-opole.pl\/wypadki-postepowania-powypadkowe\/#primaryimage\"},\"image\":{\"@id\":\"https:\/\/bhp-opole.pl\/wypadki-postepowania-powypadkowe\/#primaryimage\"},\"thumbnailUrl\":\"http:\/\/bhp-opole.pl\/wp-content\/uploads\/2017\/06\/industrial-safety-1492046_1280-300x266.png\",\"datePublished\":\"2017-06-09T08:40:12+00:00\",\"dateModified\":\"2018-07-27T07:48:44+00:00\",\"description\":\"Wypadki przy pracy - przeprowadzanie pe\u0142nego dochodzenia powypadkowego oraz sporz\u0105dzanie pe\u0142nej dokumentacji przy u\u017cyciu autorskich program\u00f3w komputerowych\",\"breadcrumb\":{\"@id\":\"https:\/\/bhp-opole.pl\/wypadki-postepowania-powypadkowe\/#breadcrumb\"},\"inLanguage\":\"en-US\",\"potentialAction\":[{\"@type\":\"ReadAction\",\"target\":[\"https:\/\/bhp-opole.pl\/wypadki-postepowania-powypadkowe\/\"]}]},{\"@type\":\"ImageObject\",\"inLanguage\":\"en-US\",\"@id\":\"https:\/\/bhp-opole.pl\/wypadki-postepowania-powypadkowe\/#primaryimage\",\"url\":\"http:\/\/bhp-opole.pl\/wp-content\/uploads\/2017\/06\/industrial-safety-1492046_1280-300x266.png\",\"contentUrl\":\"http:\/\/bhp-opole.pl\/wp-content\/uploads\/2017\/06\/industrial-safety-1492046_1280-300x266.png\"},{\"@type\":\"BreadcrumbList\",\"@id\":\"https:\/\/bhp-opole.pl\/wypadki-postepowania-powypadkowe\/#breadcrumb\",\"itemListElement\":[{\"@type\":\"ListItem\",\"position\":1,\"name\":\"Strona g\u0142\u00f3wna\",\"item\":\"https:\/\/bhp-opole.pl\/\"},{\"@type\":\"ListItem\",\"position\":2,\"name\":\"Wypadki\"}]},{\"@type\":\"WebSite\",\"@id\":\"https:\/\/bhp-opole.pl\/#website\",\"url\":\"https:\/\/bhp-opole.pl\/\",\"name\":\"H&amp;S Opole\",\"description\":\"KSW Sp. z o.o.\",\"potentialAction\":[{\"@type\":\"SearchAction\",\"target\":{\"@type\":\"EntryPoint\",\"urlTemplate\":\"https:\/\/bhp-opole.pl\/?s={search_term_string}\"},\"query-input\":\"required name=search_term_string\"}],\"inLanguage\":\"en-US\"}]}<\/script>\n<!-- \/ Yoast SEO plugin. -->","yoast_head_json":{"title":"Wypadki - BHP Opole Post\u0119powania powypadkowe pe\u0142na dokumentacja","description":"Wypadki przy pracy - przeprowadzanie pe\u0142nego dochodzenia powypadkowego oraz sporz\u0105dzanie pe\u0142nej dokumentacji przy u\u017cyciu autorskich program\u00f3w komputerowych","robots":{"index":"index","follow":"follow","max-snippet":"max-snippet:-1","max-image-preview":"max-image-preview:large","max-video-preview":"max-video-preview:-1"},"canonical":"https:\/\/bhp-opole.pl\/wypadki-postepowania-powypadkowe\/","og_locale":"en_US","og_type":"article","og_title":"Wypadki - BHP Opole Post\u0119powania powypadkowe pe\u0142na dokumentacja","og_description":"Wypadki przy pracy - przeprowadzanie pe\u0142nego dochodzenia powypadkowego oraz sporz\u0105dzanie pe\u0142nej dokumentacji przy u\u017cyciu autorskich program\u00f3w komputerowych","og_url":"https:\/\/bhp-opole.pl\/wypadki-postepowania-powypadkowe\/","og_site_name":"H&amp;S Opole","article_modified_time":"2018-07-27T07:48:44+00:00","og_image":[{"url":"http:\/\/bhp-opole.pl\/wp-content\/uploads\/2017\/06\/industrial-safety-1492046_1280-300x266.png"}],"twitter_card":"summary_large_image","twitter_misc":{"Est. reading time":"2 minutes"},"schema":{"@context":"https:\/\/schema.org","@graph":[{"@type":"WebPage","@id":"https:\/\/bhp-opole.pl\/wypadki-postepowania-powypadkowe\/","url":"https:\/\/bhp-opole.pl\/wypadki-postepowania-powypadkowe\/","name":"Wypadki - BHP Opole Post\u0119powania powypadkowe pe\u0142na dokumentacja","isPartOf":{"@id":"https:\/\/bhp-opole.pl\/#website"},"primaryImageOfPage":{"@id":"https:\/\/bhp-opole.pl\/wypadki-postepowania-powypadkowe\/#primaryimage"},"image":{"@id":"https:\/\/bhp-opole.pl\/wypadki-postepowania-powypadkowe\/#primaryimage"},"thumbnailUrl":"http:\/\/bhp-opole.pl\/wp-content\/uploads\/2017\/06\/industrial-safety-1492046_1280-300x266.png","datePublished":"2017-06-09T08:40:12+00:00","dateModified":"2018-07-27T07:48:44+00:00","description":"Wypadki przy pracy - przeprowadzanie pe\u0142nego dochodzenia powypadkowego oraz sporz\u0105dzanie pe\u0142nej dokumentacji przy u\u017cyciu autorskich program\u00f3w komputerowych","breadcrumb":{"@id":"https:\/\/bhp-opole.pl\/wypadki-postepowania-powypadkowe\/#breadcrumb"},"inLanguage":"en-US","potentialAction":[{"@type":"ReadAction","target":["https:\/\/bhp-opole.pl\/wypadki-postepowania-powypadkowe\/"]}]},{"@type":"ImageObject","inLanguage":"en-US","@id":"https:\/\/bhp-opole.pl\/wypadki-postepowania-powypadkowe\/#primaryimage","url":"http:\/\/bhp-opole.pl\/wp-content\/uploads\/2017\/06\/industrial-safety-1492046_1280-300x266.png","contentUrl":"http:\/\/bhp-opole.pl\/wp-content\/uploads\/2017\/06\/industrial-safety-1492046_1280-300x266.png"},{"@type":"BreadcrumbList","@id":"https:\/\/bhp-opole.pl\/wypadki-postepowania-powypadkowe\/#breadcrumb","itemListElement":[{"@type":"ListItem","position":1,"name":"Strona g\u0142\u00f3wna","item":"https:\/\/bhp-opole.pl\/"},{"@type":"ListItem","position":2,"name":"Wypadki"}]},{"@type":"WebSite","@id":"https:\/\/bhp-opole.pl\/#website","url":"https:\/\/bhp-opole.pl\/","name":"H&amp;S Opole","description":"KSW Sp. z o.o.","potentialAction":[{"@type":"SearchAction","target":{"@type":"EntryPoint","urlTemplate":"https:\/\/bhp-opole.pl\/?s={search_term_string}"},"query-input":"required name=search_term_string"}],"inLanguage":"en-US"}]}},"_links":{"self":[{"href":"https:\/\/bhp-opole.pl\/en\/wp-json\/wp\/v2\/pages\/717"}],"collection":[{"href":"https:\/\/bhp-opole.pl\/en\/wp-json\/wp\/v2\/pages"}],"about":[{"href":"https:\/\/bhp-opole.pl\/en\/wp-json\/wp\/v2\/types\/page"}],"author":[{"embeddable":true,"href":"https:\/\/bhp-opole.pl\/en\/wp-json\/wp\/v2\/users\/1"}],"replies":[{"embeddable":true,"href":"https:\/\/bhp-opole.pl\/en\/wp-json\/wp\/v2\/comments?post=717"}],"version-history":[{"count":12,"href":"https:\/\/bhp-opole.pl\/en\/wp-json\/wp\/v2\/pages\/717\/revisions"}],"predecessor-version":[{"id":1155,"href":"https:\/\/bhp-opole.pl\/en\/wp-json\/wp\/v2\/pages\/717\/revisions\/1155"}],"wp:attachment":[{"href":"https:\/\/bhp-opole.pl\/en\/wp-json\/wp\/v2\/media?parent=717"}],"curies":[{"name":"wp","href":"https:\/\/api.w.org\/{rel}","templated":true}]}}